{"id":9,"date":"2022-06-10T15:04:47","date_gmt":"2022-06-10T13:04:47","guid":{"rendered":"http:\/\/journalismecitoyen.org\/?page_id=9"},"modified":"2022-06-13T09:36:26","modified_gmt":"2022-06-13T07:36:26","slug":"presentation","status":"publish","type":"page","link":"https:\/\/journalismecitoyen.org\/index.php\/presentation\/","title":{"rendered":"Pr\u00e9sentation"},"content":{"rendered":"\n<p><\/p>\n\n\n\n<p>Cr\u00e9\u00e9e en 2012, l\u2019Association Tunisienne du Journalisme Citoyen (ATJC) est une association qui \u0153uvre au d\u00e9veloppement et \u00e0 la diffusion du journalisme citoyen en Tunisie en diffusant sa culture et l&#8217;\u00e9thique de sa pratique et en encadrant les militants de ce syst\u00e8me.<\/p>\n\n\n\n<p>La devise de l&#8217;association est \u00ab&nbsp;Pour le d\u00e9veloppement du journalisme citoyen en Tunisie&nbsp;\u00bb.<\/p>\n\n\n\n<p>Depuis 2012, l\u2019association a men\u00e9 beaucoup d\u2019activit\u00e9s en ligne, et ce, en mobilisant les citoyens pour le partage de contenu sur Facebook. Elle a marqu\u00e9 ainsi une pr\u00e9sence forte non seulement \u00e0 Tunis, mais \u00e9galement dans les r\u00e9gions notamment \u00e0 Sfax et \u00e0 Gabes.<\/p>\n","protected":false},"excerpt":{"rendered":"<p>Cr\u00e9\u00e9e en 2012, l\u2019Association Tunisienne du Journalisme Citoyen (ATJC) est une association qui \u0153uvre au d\u00e9veloppement et \u00e0 la diffusion<\/p>\n","protected":false},"author":2,"featured_media":0,"parent":0,"menu_order":0,"comment_status":"closed","ping_status":"closed","template":"","meta":{"footnotes":""},"class_list":["post-9","page","type-page","status-publish","hentry"],"_links":{"self":[{"href":"https:\/\/journalismecitoyen.org\/index.php\/wp-json\/wp\/v2\/pages\/9","targetHints":{"allow":["GET"]}}],"collection":[{"href":"https:\/\/journalismecitoyen.org\/index.php\/wp-json\/wp\/v2\/pages"}],"about":[{"href":"https:\/\/journalismecitoyen.org\/index.php\/wp-json\/wp\/v2\/types\/page"}],"author":[{"embeddable":true,"href":"https:\/\/journalismecitoyen.org\/index.php\/wp-json\/wp\/v2\/users\/2"}],"replies":[{"embeddable":true,"href":"https:\/\/journalismecitoyen.org\/index.php\/wp-json\/wp\/v2\/comments?post=9"}],"version-history":[{"count":3,"href":"https:\/\/journalismecitoyen.org\/index.php\/wp-json\/wp\/v2\/pages\/9\/revisions"}],"predecessor-version":[{"id":111,"href":"https:\/\/journalismecitoyen.org\/index.php\/wp-json\/wp\/v2\/pages\/9\/revisions\/111"}],"wp:attachment":[{"href":"https:\/\/journalismecitoyen.org\/index.php\/wp-json\/wp\/v2\/media?parent=9"}],"curies":[{"name":"wp","href":"https:\/\/api.w.org\/{rel}","templated":true}]}}