{"id":31,"date":"2022-06-10T15:21:44","date_gmt":"2022-06-10T13:21:44","guid":{"rendered":"http:\/\/journalismecitoyen.org\/?page_id=31"},"modified":"2022-06-13T08:34:24","modified_gmt":"2022-06-13T06:34:24","slug":"nos-projets","status":"publish","type":"page","link":"https:\/\/journalismecitoyen.org\/index.php\/nos-projets\/","title":{"rendered":"Nos projets"},"content":{"rendered":"\n<div class=\"wp-block-columns is-layout-flex wp-container-core-columns-is-layout-9d6595d7 wp-block-columns-is-layout-flex\">\n<div class=\"wp-block-column is-layout-flow wp-block-column-is-layout-flow\" style=\"flex-basis:33.33%\">\n<figure class=\"wp-block-image size-large\"><img loading=\"lazy\" decoding=\"async\" width=\"1024\" height=\"724\" src=\"http:\/\/journalismecitoyen.org\/wp-content\/uploads\/2022\/06\/Logo-Officiel-Madha-Yahduth_Plan-de-travail-1-1024x724.jpg\" alt=\"\" class=\"wp-image-35\" srcset=\"https:\/\/journalismecitoyen.org\/wp-content\/uploads\/2022\/06\/Logo-Officiel-Madha-Yahduth_Plan-de-travail-1-1024x724.jpg 1024w, https:\/\/journalismecitoyen.org\/wp-content\/uploads\/2022\/06\/Logo-Officiel-Madha-Yahduth_Plan-de-travail-1-300x212.jpg 300w, https:\/\/journalismecitoyen.org\/wp-content\/uploads\/2022\/06\/Logo-Officiel-Madha-Yahduth_Plan-de-travail-1-768x543.jpg 768w, https:\/\/journalismecitoyen.org\/wp-content\/uploads\/2022\/06\/Logo-Officiel-Madha-Yahduth_Plan-de-travail-1-1536x1086.jpg 1536w, https:\/\/journalismecitoyen.org\/wp-content\/uploads\/2022\/06\/Logo-Officiel-Madha-Yahduth_Plan-de-travail-1-2048x1448.jpg 2048w\" sizes=\"auto, (max-width: 1024px) 100vw, 1024px\" \/><\/figure>\n<\/div>\n\n\n\n<div class=\"wp-block-column is-layout-flow wp-block-column-is-layout-flow\" style=\"flex-basis:66.66%\">\n<p>\u201c<a href=\"https:\/\/www.madha-yahduth.com\">Madha-yahduth<\/a> ?\u201d (\u0645\u0627\u0630\u0627 \u064a\u062d\u062f\u062b\u061f) est le premier m\u00e9dia citoyen&nbsp;professionnel en Tunisie,&nbsp;en Afrique et dans le monde arabe. L\u2019information est cocr\u00e9\u00e9 avec les journalistes citoyens : venant du c\u0153ur de l\u2019\u00e9v\u00e9nement, l\u2019information est propos\u00e9e par un citoyen et v\u00e9rifi\u00e9e par un journaliste, dans une logique 100% participative et collaborative.<\/p>\n\n\n\n<ul class=\"wp-block-list\"><li>Mai 2022 I France &#8211;&nbsp; &#8220;Madha Yahduth&#8221; a remport\u00e9 le premier prix EMI des Assises du Journalisme de Tours [<a rel=\"noreferrer noopener\" href=\"..\/apercu.php?frmid=570&amp;lan=fr\" target=\"_blank\">Lien<\/a>]<\/li><li>F\u00e9vrier 2022 I Togo &#8211;&nbsp; &#8220;Madha Yahduth&#8221;  a remport\u00e9 la plus grande bourse d&#8217;amor\u00e7age de CFI m\u00e9dias (Afrique)<\/li><\/ul>\n<\/div>\n<\/div>\n\n\n\n<div class=\"wp-block-columns is-layout-flex wp-container-core-columns-is-layout-9d6595d7 wp-block-columns-is-layout-flex\">\n<div class=\"wp-block-column is-layout-flow wp-block-column-is-layout-flow\" style=\"flex-basis:33.33%\">\n<figure class=\"wp-block-image size-full\"><img loading=\"lazy\" decoding=\"async\" width=\"750\" height=\"168\" src=\"http:\/\/journalismecitoyen.org\/wp-content\/uploads\/2022\/06\/RTFC.png\" alt=\"\" class=\"wp-image-38\" srcset=\"https:\/\/journalismecitoyen.org\/wp-content\/uploads\/2022\/06\/RTFC.png 750w, https:\/\/journalismecitoyen.org\/wp-content\/uploads\/2022\/06\/RTFC-300x67.png 300w\" sizes=\"auto, (max-width: 750px) 100vw, 750px\" \/><figcaption><a href=\"https:\/\/www.facebook.com\/groups\/1628853940651151\" target=\"_blank\" rel=\"noreferrer noopener\"> Lien<\/a><\/figcaption><\/figure>\n<\/div>\n\n\n\n<div class=\"wp-block-column is-layout-flow wp-block-column-is-layout-flow\" style=\"flex-basis:66.66%\">\n<p>Lanc\u00e9 en 2021, ce groupe Facebook vise \u00e0 d\u00e9voiler la r\u00e9alit\u00e9 et mettre fin aux intox v\u00e9hicul\u00e9es via ce r\u00e9seau social, \u00e0 travers les partages des internautes.<\/p>\n\n\n\n<p>La rubrique &#8220;intox\/v\u00e9rit\u00e9&#8221; de notre m\u00e9dia citoyen \u00ab&nbsp;Madha Yahduth&nbsp;\u00bb est aliment\u00e9e g\u00e9n\u00e9ralement avec les partages des citoyens.<\/p>\n\n\n\n<p>Une initiative intitul\u00e9e \u00ab&nbsp;How to check&nbsp;?&nbsp;\u00bb a \u00e9t\u00e9 \u00e9galement lanc\u00e9e sur \u00ab&nbsp;TikTok&nbsp;\u00bb afin d\u2019expliquer aux citoyens via une vid\u00e9o comment v\u00e9rifier une information.<\/p>\n<\/div>\n<\/div>\n\n\n\n<div class=\"wp-block-columns is-layout-flex wp-container-core-columns-is-layout-9d6595d7 wp-block-columns-is-layout-flex\">\n<div class=\"wp-block-column is-layout-flow wp-block-column-is-layout-flow\" style=\"flex-basis:33.33%\">\n<figure class=\"wp-block-image size-full\"><img loading=\"lazy\" decoding=\"async\" width=\"659\" height=\"161\" src=\"http:\/\/journalismecitoyen.org\/wp-content\/uploads\/2022\/06\/Education-aux-medias.png\" alt=\"\" class=\"wp-image-40\" srcset=\"https:\/\/journalismecitoyen.org\/wp-content\/uploads\/2022\/06\/Education-aux-medias.png 659w, https:\/\/journalismecitoyen.org\/wp-content\/uploads\/2022\/06\/Education-aux-medias-300x73.png 300w\" sizes=\"auto, (max-width: 659px) 100vw, 659px\" \/><\/figure>\n<\/div>\n\n\n\n<div class=\"wp-block-column is-layout-flow wp-block-column-is-layout-flow\" style=\"flex-basis:66.66%\">\n<p>Nous visons \u00e0 \u00e9duquer les jeunes et des enfants aux monde des m\u00e9dias\u00a0traditionnels et des m\u00e9dias sociaux. Par l\u2019\u00e9ducation aux m\u00e9dias et \u00e0 l\u2019information, ils apprennent \u00e0 devenir des citoyens responsables dans une soci\u00e9t\u00e9 marqu\u00e9e par la multiplication et l\u2019acc\u00e9l\u00e9ration des flux d\u2019information. Ils d\u00e9veloppent leur esprit critique et sont capables d\u2019agir de mani\u00e8re \u00e9clair\u00e9e pour chercher, recevoir, produire et diffuser des informations via des m\u00e9dias de plus en plus diversifi\u00e9s.\u00a0<\/p>\n<\/div>\n<\/div>\n\n\n\n<div class=\"wp-block-columns is-layout-flex wp-container-core-columns-is-layout-9d6595d7 wp-block-columns-is-layout-flex\">\n<div class=\"wp-block-column is-layout-flow wp-block-column-is-layout-flow\" style=\"flex-basis:33.33%\">\n<figure class=\"wp-block-image size-full\"><img loading=\"lazy\" decoding=\"async\" width=\"553\" height=\"221\" src=\"http:\/\/journalismecitoyen.org\/wp-content\/uploads\/2022\/06\/Education-a-la-citoyennete.png\" alt=\"\" class=\"wp-image-41\" srcset=\"https:\/\/journalismecitoyen.org\/wp-content\/uploads\/2022\/06\/Education-a-la-citoyennete.png 553w, https:\/\/journalismecitoyen.org\/wp-content\/uploads\/2022\/06\/Education-a-la-citoyennete-300x120.png 300w\" sizes=\"auto, (max-width: 553px) 100vw, 553px\" \/><\/figure>\n<\/div>\n\n\n\n<div class=\"wp-block-column is-layout-flow wp-block-column-is-layout-flow\" style=\"flex-basis:66.66%\">\n<p>Nous visons \u00e0 \u00e9duquer les jeunes et les enfants \u00e0 la citoyennet\u00e9, via des formations, des Master Class et des webinaires. Plusieurs acteurs issus de diff\u00e9rents domaines interviennent pour mener ces actions (des journalistes, des juristes, des activistes, des enseignants, etc.).<\/p>\n<\/div>\n<\/div>\n","protected":false},"excerpt":{"rendered":"<p>\u201cMadha-yahduth ?\u201d (\u0645\u0627\u0630\u0627 \u064a\u062d\u062f\u062b\u061f) est le premier m\u00e9dia citoyen&nbsp;professionnel en Tunisie,&nbsp;en Afrique et dans le monde arabe. L\u2019information est cocr\u00e9\u00e9<\/p>\n","protected":false},"author":2,"featured_media":0,"parent":0,"menu_order":0,"comment_status":"closed","ping_status":"closed","template":"","meta":{"footnotes":""},"class_list":["post-31","page","type-page","status-publish","hentry"],"_links":{"self":[{"href":"https:\/\/journalismecitoyen.org\/index.php\/wp-json\/wp\/v2\/pages\/31","targetHints":{"allow":["GET"]}}],"collection":[{"href":"https:\/\/journalismecitoyen.org\/index.php\/wp-json\/wp\/v2\/pages"}],"about":[{"href":"https:\/\/journalismecitoyen.org\/index.php\/wp-json\/wp\/v2\/types\/page"}],"author":[{"embeddable":true,"href":"https:\/\/journalismecitoyen.org\/index.php\/wp-json\/wp\/v2\/users\/2"}],"replies":[{"embeddable":true,"href":"https:\/\/journalismecitoyen.org\/index.php\/wp-json\/wp\/v2\/comments?post=31"}],"version-history":[{"count":7,"href":"https:\/\/journalismecitoyen.org\/index.php\/wp-json\/wp\/v2\/pages\/31\/revisions"}],"predecessor-version":[{"id":90,"href":"https:\/\/journalismecitoyen.org\/index.php\/wp-json\/wp\/v2\/pages\/31\/revisions\/90"}],"wp:attachment":[{"href":"https:\/\/journalismecitoyen.org\/index.php\/wp-json\/wp\/v2\/media?parent=31"}],"curies":[{"name":"wp","href":"https:\/\/api.w.org\/{rel}","templated":true}]}}